{"id":1072,"date":"2024-09-12T13:26:46","date_gmt":"2024-09-12T13:26:46","guid":{"rendered":"https:\/\/calpe.tours\/politique-en-matiere-de-cookies-de-waterpro-s-l\/"},"modified":"2024-09-19T15:32:09","modified_gmt":"2024-09-19T15:32:09","slug":"politique-en-matiere-de-cookies-de-waterpro-s-l","status":"publish","type":"page","link":"https:\/\/calpe.tours\/fr\/politique-en-matiere-de-cookies-de-waterpro-s-l\/","title":{"rendered":"POLITIQUE EN MATI\u00c8RE DE COOKIES DE WATERPRO S.L."},"content":{"rendered":"\n<p>Le domaine utilise des proc\u00e9dures de collecte automatique (cookies) pour recueillir des informations personnelles telles que le type de navigateur ou le syst\u00e8me d&rsquo;exploitation, la page de r\u00e9f\u00e9rence, le chemin d&rsquo;acc\u00e8s, le domaine du fournisseur d&rsquo;acc\u00e8s \u00e0 Internet (FAI), etc. afin d&rsquo;am\u00e9liorer les services fournis.\nLes cookies nous aident \u00e0 adapter ce site web \u00e0 vos besoins personnels. <\/p>\n\n<p>Un \u00ab\u00a0cookie\u00a0\u00bb est un petit fichier stock\u00e9 sur l&rsquo;ordinateur de l&rsquo;utilisateur et qui nous permet de le reconna\u00eetre.\nL&rsquo;ensemble des \u00ab\u00a0cookies\u00a0\u00bb nous aide \u00e0 am\u00e9liorer la qualit\u00e9 de notre site web, ce qui nous permet de personnaliser dans une certaine mesure l&rsquo;exp\u00e9rience de navigation de chaque utilisateur sur notre site web.\nLes cookies sont actuellement essentiels au fonctionnement d&rsquo;Internet, offrant d&rsquo;innombrables avantages dans la fourniture de services interactifs, facilitant la navigation et l&rsquo;utilisation de notre site web.  <\/p>\n\n<p>Veuillez noter que les cookies ne peuvent pas endommager votre ordinateur et qu&rsquo;en retour, l&rsquo;activation des cookies nous aide \u00e0 identifier et \u00e0 r\u00e9soudre les erreurs et \u00e0 am\u00e9liorer la navigabilit\u00e9 de notre site.<\/p>\n\n<p><strong>Types de cookies :<\/strong><\/p>\n\n<p>Pour plus d&rsquo;informations sur le type et l&rsquo;utilisation des cookies, nous vous informons que :<\/p>\n\n<ol class=\"wp-block-list\">\n<li><small>Du point de vue de la <strong>\u00ab\u00a0dur\u00e9e de vie\u00a0\u00bb du cookie<\/strong> (le temps pendant lequel le cookie reste actif sur notre ordinateur), nous pouvons diff\u00e9rencier les cookies entre :<\/small>\n<ul class=\"wp-block-list\">\n<li><small><strong>Cookies de session :<\/strong> il s&rsquo;agit de cookies temporaires qui restent dans le fichier de cookies de votre navigateur jusqu&rsquo;\u00e0 ce que vous quittiez le site web, de sorte qu&rsquo;ils restent enregistr\u00e9s sur le disque dur de l&rsquo;utilisateur.\nLes informations obtenues gr\u00e2ce \u00e0 ces cookies sont utilis\u00e9es pour analyser les sch\u00e9mas de trafic sur le web.\n\u00c0 long terme, cela nous permet d&rsquo;offrir une meilleure exp\u00e9rience, d&rsquo;am\u00e9liorer le contenu et de faciliter son utilisation.  <\/small><\/li>\n\n\n\n<li><small><strong>Cookies persistants :<\/strong> ils sont stock\u00e9s sur votre disque dur et sont lus par notre site web \u00e0 chaque nouvelle visite.\nUn cookie persistant a une date d&rsquo;expiration sp\u00e9cifique.\nLe cookie cessera de fonctionner apr\u00e8s cette date.\nNous les utilisons g\u00e9n\u00e9ralement pour faciliter les achats et les services d&rsquo;enregistrement.   <\/small><\/li>\n<\/ul>\n<\/li>\n\n\n\n<li><small>Du point de vue de l&rsquo;<strong>utilisation de chaque cookie<\/strong>, nous pouvons faire une distinction entre :<\/small>\n<ul class=\"wp-block-list\">\n<li><small><strong>Cookies n\u00e9cessaires :<\/strong> il s&rsquo;agit de cookies strictement n\u00e9cessaires tels que, par exemple, ceux qui servent \u00e0 une navigation correcte ou ceux qui permettent le paiement des biens ou services demand\u00e9s par l&rsquo;utilisateur ou les cookies qui servent \u00e0 garantir que le contenu du site web se charge efficacement.<\/small><\/li>\n<\/ul>\n<\/li>\n<\/ol>\n\n<p>Dans la cat\u00e9gorie des cookies obligatoires, vous pouvez \u00e9galement trouver des cookies aux fins suivantes :<\/p>\n\n<ul class=\"wp-block-list\">\n<li><small>Permettre uniquement la communication entre l&rsquo;\u00e9quipement de l&rsquo;utilisateur et le r\u00e9seau.<\/small><\/li>\n\n\n\n<li><small>Sp\u00e9cifiquement pour fournir un service express\u00e9ment demand\u00e9 par l&rsquo;utilisateur.<\/small><\/li>\n<\/ul>\n\n<p>Dans ces deux cas, nous vous informons que l&rsquo;information et le consentement de l&rsquo;utilisateur ne sont pas n\u00e9cessaires pour l&rsquo;installation de ces cookies.\nPlus pr\u00e9cis\u00e9ment, le groupe de travail d&rsquo;experts de l&rsquo;UE a interpr\u00e9t\u00e9, \u00e0 l&rsquo;article 29 de son avis 4\/20123 , que les cookies exempt\u00e9s comprennent ceux dont l&rsquo;objectif est le suivant : <\/p>\n\n<ul class=\"wp-block-list\">\n<li><small>Cookies \u00ab\u00a0entr\u00e9e utilisateur<\/small><\/li>\n\n\n\n<li><small>Cookies d&rsquo;authentification ou d&rsquo;identification de l&rsquo;utilisateur (session uniquement)<\/small><\/li>\n\n\n\n<li><small>Cookies de s\u00e9curit\u00e9 pour les utilisateurs<\/small><\/li>\n\n\n\n<li><small>Cookies de session du lecteur multim\u00e9dia<\/small><\/li>\n\n\n\n<li><small>Cookies de session pour l&rsquo;\u00e9quilibrage de la charge<\/small><\/li>\n\n\n\n<li><small>Cookies de personnalisation de l&rsquo;interface utilisateur<\/small><\/li>\n\n\n\n<li><small>Cookies pour le partage de contenu social<\/small><\/li>\n<\/ul>\n\n<p><strong>Pour tous les autres cookies n\u00e9cessaires non inclus dans les cas ci-dessus, l&rsquo;information et le consentement pr\u00e9alables de l&rsquo;utilisateur seront requis.<\/strong><\/p>\n\n<ul class=\"wp-block-list\">\n<li><small><strong>Cookies fonctionnels :<\/strong> il s&rsquo;agit de cookies qui permettent \u00e0 l&rsquo;utilisateur d&rsquo;avoir une meilleure exp\u00e9rience de navigation dans une langue sp\u00e9cifique.<\/small><\/li>\n\n\n\n<li><small><strong>Cookies analytiques : il<\/strong> s&rsquo;agit de cookies qui nous permettent d&rsquo;analyser l&rsquo;utilisation du site web, afin d&rsquo;en mesurer et d&rsquo;en am\u00e9liorer les performances.<\/small><\/li>\n\n\n\n<li><small><strong>Cookies publicitaires et de tiers :<\/strong> il s&rsquo;agit de cookies utilis\u00e9s par les r\u00e9seaux sociaux ou par des plugins de contenu externes tels que google maps, ainsi que de cookies de soci\u00e9t\u00e9s de publicit\u00e9 pour diffuser des annonces correspondant \u00e0 vos centres d&rsquo;int\u00e9r\u00eat.<\/small><\/li>\n<\/ul>\n\n<p>WATERPRO S.L. stocke toutes les informations collect\u00e9es par les cookies dans un format non personnalis\u00e9 (adresse IP).\nCe type d&rsquo;information obtenue par le biais des cookies ne sera pas divulgu\u00e9 en dehors de WATERPRO S.L., ni utilis\u00e9 pour des communications non sollicit\u00e9es. <\/p>\n\n<p><strong>Respect de la vie priv\u00e9e &#8211; Gestion des cookies :<\/strong><\/p>\n\n<p>Si l&rsquo;utilisateur le souhaite, l&rsquo;enregistrement des cookies peut \u00eatre subordonn\u00e9 \u00e0 leur acceptation lors de l&rsquo;installation ou de la mise \u00e0 jour du navigateur utilis\u00e9.\nL&rsquo;utilisateur peut \u00e0 tout moment revenir sur son acceptation par le biais des options de configuration du contenu et de la confidentialit\u00e9 disponibles dans chaque navigateur.\nToutefois, si l&rsquo;utilisateur n&rsquo;autorise pas l&rsquo;installation de cookies dans son navigateur, il est possible qu&rsquo;il ne puisse pas acc\u00e9der \u00e0 certaines sections de notre site web.  <\/p>\n\n<p>Pour plus d&rsquo;informations sur la configuration appropri\u00e9e des cookies et les options permettant de les activer, de les restreindre et\/ou de les d\u00e9sactiver, veuillez consulter la section d&rsquo;aide de votre navigateur.\nPour en savoir plus : <\/p>\n\n<ul class=\"wp-block-list\">\n<li><small>Plus d&rsquo;informations sur la mani\u00e8re de bloquer l&rsquo;utilisation des cookies dans <a href=\"https:\/\/support.google.com\/chrome\/answer\/95647?hl=es\" target=\"_blank\" rel=\"noopener\">Google Chrome<\/a><\/small><\/li>\n\n\n\n<li><small>Plus d&rsquo;informations sur la fa\u00e7on de bloquer l&rsquo;utilisation des cookies dans <a href=\"http:\/\/support.mozilla.org\/es\/kb\/habilitar-y-deshabilitar-cookies-que-los-sitios-we?esab=a&amp;s=cookies&amp;r=7&amp;as=s\" target=\"_blank\" rel=\"noopener\">Firefox<\/a><\/small><\/li>\n\n\n\n<li><small>Plus d&rsquo;informations sur le blocage de l&rsquo;utilisation des cookies dans <a href=\"http:\/\/windows.microsoft.com\/es-es\/windows7\/how-to-manage-cookies-in-internet-explorer-9\" target=\"_blank\" rel=\"noopener\">Internet Explorer<\/a><\/small><\/li>\n\n\n\n<li><small>Plus d&rsquo;informations sur la fa\u00e7on de bloquer l&rsquo;utilisation des cookies dans <a href=\"http:\/\/support.apple.com\/kb\/HT1677?viewlocale=es_ES\" target=\"_blank\" rel=\"noopener\">Safari<\/a><\/small><\/li>\n\n\n\n<li><small>Plus d&rsquo;informations sur la mani\u00e8re de bloquer l&rsquo;utilisation de cookies sur <a href=\"http:\/\/docs.blackberry.com\/en\/smartphone_users\/deliverables\/32004\/Turn_off_cookies_in_the_browser_60_1072866_11.jsp\" target=\"_blank\" rel=\"noopener\">Blackberry<\/a><\/small><\/li>\n\n\n\n<li><small>Plus d&rsquo;informations sur la fa\u00e7on de bloquer l&rsquo;utilisation des cookies sur <a href=\"http:\/\/www.windowsphone.com\/en-us\/how-to\/wp7\/web\/changing-privacy-and-other-browser-settings\" target=\"_blank\" rel=\"noopener\">Windows Phone<\/a><\/small><\/li>\n<\/ul>\n\n<p>De nombreux navigateurs vous permettent d&rsquo;activer un mode priv\u00e9 dans lequel les cookies sont toujours supprim\u00e9s apr\u00e8s votre visite.\nSelon le navigateur, ce mode priv\u00e9 peut porter diff\u00e9rents noms.\nVous trouverez ci-dessous une liste des navigateurs les plus courants et des diff\u00e9rents noms de ce \u00ab\u00a0mode priv\u00e9\u00a0\u00bb :  <\/p>\n\n<ul class=\"wp-block-list\">\n<li><small>Internet Explorer 8 et plus ; InPrivate<\/small><\/li>\n\n\n\n<li><small>Safari 2 et sup\u00e9rieur ; Navigation priv\u00e9e<\/small><\/li>\n\n\n\n<li><small>Opera 10.5 et sup\u00e9rieur ; Navigation priv\u00e9e<\/small><\/li>\n\n\n\n<li><small>Firefox 3.5 et sup\u00e9rieur ; navigation priv\u00e9e<\/small><\/li>\n\n\n\n<li><small>Google Chrome 10 et sup\u00e9rieur ; Incognito<\/small><\/li>\n<\/ul>\n\n<p><strong>Liste et description des cookies :<\/strong><\/p>\n\n<p>Les tableaux publi\u00e9s ci-dessous pr\u00e9sentent les cookies d\u00e9crits ci-dessus et utilis\u00e9s sur le site Internet de WATERPRO S.L. :<\/p>\n\n<figure class=\"wp-block-table\"><table class=\"has-fixed-layout\"><thead><tr><th>Nom<\/th><th>Domaine<\/th><th>Expire le<\/th><th>Utiliser<\/th><\/tr><\/thead><tbody><tr><th>_ga<\/th><td>.maremotosports.com<\/td><td>2 ans<\/td><td>Cookies analytiques (Google Analytics) : Utilise un identifiant anonyme pour distinguer les utilisateurs anonymes et effectuer des analyses sur les interactions des utilisateurs dans l&rsquo;application afin d&rsquo;optimiser les services offerts.<\/td><\/tr><tr><th>_gid<\/th><td>.maremotosports.com<\/td><td>1 jour<\/td><td>Cookies analytiques (Google Analytics) : utilis\u00e9s pour diff\u00e9rencier les diff\u00e9rents objets de suivi cr\u00e9\u00e9s au cours de la session.\nLe cookie est cr\u00e9\u00e9 lorsque la biblioth\u00e8que javascript est charg\u00e9e et qu&rsquo;il n&rsquo;existe pas de version pr\u00e9c\u00e9dente du cookie _gat.\nLe cookie est mis \u00e0 jour chaque fois que vous envoyez des donn\u00e9es \u00e0 Google Analytics.  <\/td><\/tr><tr><th>_gat<\/th><td>.maremotosports.com<\/td><td>1 minute<\/td><td>Cookies analytiques (Google Analytics) : utilis\u00e9s pour diff\u00e9rencier les diff\u00e9rents objets de suivi cr\u00e9\u00e9s au cours de la session.\nLe cookie est cr\u00e9\u00e9 lorsque la biblioth\u00e8que javascript est charg\u00e9e et qu&rsquo;il n&rsquo;existe pas de version pr\u00e9c\u00e9dente du cookie _gat.\nLe cookie est mis \u00e0 jour chaque fois que vous envoyez des donn\u00e9es \u00e0 Google Analytics.  <\/td><\/tr><\/tbody><\/table><\/figure>\n\n<p><small>Pour en savoir plus sur les cookies de Google Analytics, vous pouvez consulter la page suivante <a href=\"https:\/\/www.google.com\/analytics\/learn\/privacy.html?hl=es\" target=\"_blank\" rel=\"noopener\">: https:\/\/www.google.com\/analytics\/learn\/privacy.html?hl=es.<\/a>\nVous pouvez d\u00e9sactiver les cookies de Google Analytics en cliquant sur le lien suivant <a href=\"https:\/\/tools.google.com\/dlpage\/gaoptout\" target=\"_blank\" rel=\"noopener\">: https:\/\/tools.google.com\/dlpage\/gaoptout<\/a> <\/small><\/p>\n\n<p><small>Pour plus d&rsquo;informations sur les cookies et vos droits en tant qu&rsquo;utilisateur, vous pouvez consulter le guide sur l&rsquo;utilisation des cookies \u00e9labor\u00e9 par l&rsquo;Agence espagnole de protection des donn\u00e9es <a href=\"https:\/\/www.agpd.es\/portalwebAGPD\/canaldocumentacion\/publicaciones\/common\/Guias\/Guia_Cookies.pdf\" target=\"_blank\" rel=\"noopener\">: https:\/\/www.agpd.es\/portalwebAGPD\/canaldocumentacion\/publicaciones\/common\/Guias\/Guia_Cookies.pdf.<\/a><\/small><\/p>\n","protected":false},"excerpt":{"rendered":"<p>Le domaine utilise des proc\u00e9dures de collecte automatique (cookies) pour recueillir des informations personnelles telles que le type de navigateur ou le syst\u00e8me d&rsquo;exploitation, la page de r\u00e9f\u00e9rence, le chemin d&rsquo;acc\u00e8s, le domaine du fournisseur d&rsquo;acc\u00e8s \u00e0 Internet (FAI), etc. afin d&rsquo;am\u00e9liorer les services fournis. Les cookies nous aident \u00e0 adapter ce site web \u00e0 [&hellip;]<\/p>\n","protected":false},"author":1,"featured_media":0,"parent":0,"menu_order":0,"comment_status":"closed","ping_status":"closed","template":"","meta":{"_joinchat":[],"footnotes":""},"class_list":["post-1072","page","type-page","status-publish","hentry"],"_links":{"self":[{"href":"https:\/\/calpe.tours\/fr\/wp-json\/wp\/v2\/pages\/1072","targetHints":{"allow":["GET"]}}],"collection":[{"href":"https:\/\/calpe.tours\/fr\/wp-json\/wp\/v2\/pages"}],"about":[{"href":"https:\/\/calpe.tours\/fr\/wp-json\/wp\/v2\/types\/page"}],"author":[{"embeddable":true,"href":"https:\/\/calpe.tours\/fr\/wp-json\/wp\/v2\/users\/1"}],"replies":[{"embeddable":true,"href":"https:\/\/calpe.tours\/fr\/wp-json\/wp\/v2\/comments?post=1072"}],"version-history":[{"count":1,"href":"https:\/\/calpe.tours\/fr\/wp-json\/wp\/v2\/pages\/1072\/revisions"}],"predecessor-version":[{"id":1073,"href":"https:\/\/calpe.tours\/fr\/wp-json\/wp\/v2\/pages\/1072\/revisions\/1073"}],"wp:attachment":[{"href":"https:\/\/calpe.tours\/fr\/wp-json\/wp\/v2\/media?parent=1072"}],"curies":[{"name":"wp","href":"https:\/\/api.w.org\/{rel}","templated":true}]}}